{"id":450,"date":"2025-03-10T09:50:15","date_gmt":"2025-03-10T09:50:15","guid":{"rendered":"https:\/\/designsmartproject.eu\/inicio\/"},"modified":"2026-04-02T13:33:29","modified_gmt":"2026-04-02T13:33:29","slug":"inicio","status":"publish","type":"page","link":"https:\/\/designsmartproject.eu\/es\/","title":{"rendered":"Inicio"},"content":{"rendered":"\t\t<div data-elementor-type=\"wp-page\" data-elementor-id=\"450\" class=\"elementor elementor-450\" data-elementor-post-type=\"page\">\n\t\t\t\t<div class=\"elementor-element elementor-element-01caec6 e-flex e-con-boxed e-con e-parent\" data-id=\"01caec6\" data-element_type=\"container\" data-settings=\"{&quot;background_background&quot;:&quot;video&quot;,&quot;background_video_link&quot;:&quot;https:\\\/\\\/designsmartproject.eu\\\/wp-content\\\/uploads\\\/2025\\\/12\\\/Untitled-design.mp4&quot;}\">\n\t\t\t\t\t<div class=\"e-con-inner\">\n\t\t<div class=\"elementor-background-video-container elementor-hidden-mobile\" aria-hidden=\"true\">\n\t\t\t\t\t\t\t<video class=\"elementor-background-video-hosted\" autoplay muted playsinline loop><\/video>\n\t\t\t\t\t<\/div>\t\t<div class=\"elementor-element elementor-element-068bd1e elementor-widget elementor-widget-heading\" data-id=\"068bd1e\" data-element_type=\"widget\" data-widget_type=\"heading.default\">\n\t\t\t\t\t<h2 class=\"elementor-heading-title elementor-size-default\">\u00a1Bienvenidos a <\/h2>\t\t\t\t<\/div>\n\t\t\t\t<div class=\"elementor-element elementor-element-cf71ef1 elementor-headline--style-highlight elementor-widget elementor-widget-animated-headline\" data-id=\"cf71ef1\" data-element_type=\"widget\" data-settings=\"{&quot;highlighted_text&quot;:&quot;Design Smart!&quot;,&quot;headline_style&quot;:&quot;highlight&quot;,&quot;marker&quot;:&quot;circle&quot;,&quot;loop&quot;:&quot;yes&quot;,&quot;highlight_animation_duration&quot;:1200,&quot;highlight_iteration_delay&quot;:8000}\" data-widget_type=\"animated-headline.default\">\n\t\t\t\t\t\t\t<h3 class=\"elementor-headline\">\n\t\t\t\t<span class=\"elementor-headline-dynamic-wrapper elementor-headline-text-wrapper\">\n\t\t\t\t\t<span class=\"elementor-headline-dynamic-text elementor-headline-text-active\">Design Smart!<\/span>\n\t\t\t\t<\/span>\n\t\t\t\t<\/h3>\n\t\t\t\t\t\t<\/div>\n\t\t\t\t\t<\/div>\n\t\t\t\t<\/div>\n\t\t<div class=\"elementor-element elementor-element-85b9c27 e-flex e-con-boxed e-con e-parent\" data-id=\"85b9c27\" data-element_type=\"container\" data-settings=\"{&quot;background_background&quot;:&quot;classic&quot;}\">\n\t\t\t\t\t<div class=\"e-con-inner\">\n\t\t<div class=\"elementor-element elementor-element-ee2e8f6 e-con-full e-flex e-con e-child\" data-id=\"ee2e8f6\" data-element_type=\"container\" data-settings=\"{&quot;background_background&quot;:&quot;classic&quot;}\">\n\t\t\t\t<\/div>\n\t\t<div class=\"elementor-element elementor-element-96b3836 e-con-full e-flex e-con e-child\" data-id=\"96b3836\" data-element_type=\"container\" data-settings=\"{&quot;background_background&quot;:&quot;classic&quot;}\">\n\t\t\t\t<div class=\"elementor-element elementor-element-a6014cf elementor-widget elementor-widget-heading\" data-id=\"a6014cf\" data-element_type=\"widget\" data-widget_type=\"heading.default\">\n\t\t\t\t\t<p class=\"elementor-heading-title elementor-size-default\">El proyecto Design Smart tiene como objetivo fortalecer los centros de educaci\u00f3n y formaci\u00f3n profesional (EFP) mediante una formaci\u00f3n avanzada en moda sostenible y herramientas digitales, con el fin de apoyar la actualizaci\u00f3n de las competencias del sector empresarial y, al mismo tiempo, dotar a las pymes y a las mujeres emprendedoras de las competencias necesarias para implementar pr\u00e1cticas empresariales ecol\u00f3gicas, circulares e innovadoras.\n<\/p>\t\t\t\t<\/div>\n\t\t\t\t<div class=\"elementor-element elementor-element-ce180c8 elementor-align-left elementor-widget elementor-widget-button\" data-id=\"ce180c8\" data-element_type=\"widget\" data-widget_type=\"button.default\">\n\t\t\t\t\t\t\t\t\t\t<a class=\"elementor-button elementor-button-link elementor-size-sm elementor-animation-grow\" href=\"#\">\n\t\t\t\t\t\t<span class=\"elementor-button-content-wrapper\">\n\t\t\t\t\t\t\t\t\t<span class=\"elementor-button-text\">M\u00c1S INFORMACI\u00d3N<\/span>\n\t\t\t\t\t<\/span>\n\t\t\t\t\t<\/a>\n\t\t\t\t\t\t\t\t<\/div>\n\t\t\t\t<\/div>\n\t\t\t\t\t<\/div>\n\t\t\t\t<\/div>\n\t\t<div class=\"elementor-element elementor-element-37b0a05 e-flex e-con-boxed e-con e-parent\" data-id=\"37b0a05\" data-element_type=\"container\" data-settings=\"{&quot;background_background&quot;:&quot;classic&quot;}\">\n\t\t\t\t\t<div class=\"e-con-inner\">\n\t\t\t\t\t<\/div>\n\t\t\t\t<\/div>\n\t\t<div class=\"elementor-element elementor-element-dd80a66 e-flex e-con-boxed e-con e-parent\" data-id=\"dd80a66\" data-element_type=\"container\">\n\t\t\t\t\t<div class=\"e-con-inner\">\n\t\t\t\t<div class=\"elementor-element elementor-element-18ed975 elementor-widget elementor-widget-image\" data-id=\"18ed975\" data-element_type=\"widget\" data-widget_type=\"image.default\">\n\t\t\t\t\t\t\t\t\t\t\t\t\t\t\t<img fetchpriority=\"high\" decoding=\"async\" width=\"1200\" height=\"960\" src=\"https:\/\/designsmartproject.eu\/wp-content\/uploads\/2025\/12\/Icon-Transparent-1200x960.png\" class=\"attachment-large size-large wp-image-163\" alt=\"\" srcset=\"https:\/\/designsmartproject.eu\/wp-content\/uploads\/2025\/12\/Icon-Transparent-1200x960.png 1200w, https:\/\/designsmartproject.eu\/wp-content\/uploads\/2025\/12\/Icon-Transparent-500x400.png 500w, https:\/\/designsmartproject.eu\/wp-content\/uploads\/2025\/12\/Icon-Transparent-300x240.png 300w, https:\/\/designsmartproject.eu\/wp-content\/uploads\/2025\/12\/Icon-Transparent-768x614.png 768w, https:\/\/designsmartproject.eu\/wp-content\/uploads\/2025\/12\/Icon-Transparent-94x75.png 94w, https:\/\/designsmartproject.eu\/wp-content\/uploads\/2025\/12\/Icon-Transparent-700x560.png 700w\" sizes=\"(max-width:767px) 700px, (max-width:1200px) 100vw, 1200px\" \/>\t\t\t\t\t\t\t\t\t\t\t\t\t\t\t<\/div>\n\t\t<div class=\"elementor-element elementor-element-dd63e3d e-con-full e-flex e-con e-child\" data-id=\"dd63e3d\" data-element_type=\"container\">\n\t\t\t\t<div class=\"elementor-element elementor-element-7b53e6c elementor-widget__width-initial elementor-widget elementor-widget-heading\" data-id=\"7b53e6c\" data-element_type=\"widget\" data-widget_type=\"heading.default\">\n\t\t\t\t\t<h2 class=\"elementor-heading-title elementor-size-default\">Objetivos del proyecto:\n<\/h2>\t\t\t\t<\/div>\n\t\t\t\t<div class=\"elementor-element elementor-element-0630dd1 elementor-absolute elementor-widget elementor-widget-image\" data-id=\"0630dd1\" data-element_type=\"widget\" data-settings=\"{&quot;_position&quot;:&quot;absolute&quot;}\" data-widget_type=\"image.default\">\n\t\t\t\t\t\t\t\t\t\t\t\t\t\t\t<img decoding=\"async\" src=\"https:\/\/designsmartproject.eu\/wp-content\/uploads\/2025\/03\/fisher2-decor1.svg\" title=\"\" alt=\"\" loading=\"lazy\" \/>\t\t\t\t\t\t\t\t\t\t\t\t\t\t\t<\/div>\n\t\t\t\t<div class=\"elementor-element elementor-element-ded599f elementor-absolute elementor-widget elementor-widget-image\" data-id=\"ded599f\" data-element_type=\"widget\" data-settings=\"{&quot;_position&quot;:&quot;absolute&quot;}\" data-widget_type=\"image.default\">\n\t\t\t\t\t\t\t\t\t\t\t\t\t\t\t<img decoding=\"async\" src=\"https:\/\/designsmartproject.eu\/wp-content\/uploads\/2025\/03\/fisher2-decor1.svg\" title=\"\" alt=\"\" loading=\"lazy\" \/>\t\t\t\t\t\t\t\t\t\t\t\t\t\t\t<\/div>\n\t\t\t\t<\/div>\n\t\t<div class=\"elementor-element elementor-element-f5f31a9 e-con-full e-flex e-con e-child\" data-id=\"f5f31a9\" data-element_type=\"container\">\n\t\t<div class=\"elementor-element elementor-element-6c4c39d e-con-full e-flex e-con e-child\" data-id=\"6c4c39d\" data-element_type=\"container\">\n\t\t<div class=\"elementor-element elementor-element-0376d93 e-con-full e-flex e-con e-child\" data-id=\"0376d93\" data-element_type=\"container\">\n\t\t\t\t<div class=\"elementor-element elementor-element-1fd708b elementor-widget__width-initial elementor-view-default elementor-position-top elementor-mobile-position-top elementor-widget elementor-widget-icon-box\" data-id=\"1fd708b\" data-element_type=\"widget\" data-widget_type=\"icon-box.default\">\n\t\t\t\t\t\t\t<div class=\"elementor-icon-box-wrapper\">\n\n\t\t\t\t\t\t<div class=\"elementor-icon-box-icon\">\n\t\t\t\t<span  class=\"elementor-icon\">\n\t\t\t\t<svg aria-hidden=\"true\" class=\"e-font-icon-svg e-fab-digital-ocean\" viewBox=\"0 0 512 512\" xmlns=\"http:\/\/www.w3.org\/2000\/svg\"><path d=\"M87 481.8h73.7v-73.6H87zM25.4 346.6v61.6H87v-61.6zm466.2-169.7c-23-74.2-82.4-133.3-156.6-156.6C164.9-32.8 8 93.7 8 255.9h95.8c0-101.8 101-180.5 208.1-141.7 39.7 14.3 71.5 46.1 85.8 85.7 39.1 107-39.7 207.8-141.4 208v.3h-.3V504c162.6 0 288.8-156.8 235.6-327.1zm-235.3 231v-95.3h-95.6v95.6H256v-.3z\"><\/path><\/svg>\t\t\t\t<\/span>\n\t\t\t<\/div>\n\t\t\t\n\t\t\t\t\t\t<div class=\"elementor-icon-box-content\">\n\n\t\t\t\t\t\t\t\t\t<h3 class=\"elementor-icon-box-title\">\n\t\t\t\t\t\t<span  >\n\t\t\t\t\t\t\tReforzar los centros de formaci\u00f3n profesional con recursos formativos sobre IA y ecodise\u00f1o\t\t\t\t\t\t<\/span>\n\t\t\t\t\t<\/h3>\n\t\t\t\t\n\t\t\t\t\t\t\t\t\t<p class=\"elementor-icon-box-description\">\n\t\t\t\t\t\tCrear un plan de estudios sobre moda sostenible e inteligencia artificial que incluya el ecodise\u00f1o, la econom\u00eda circular, los materiales basados en la IA y los modelos de negocio \u00e9ticos, dirigi\u00e9ndose a los formadores de formaci\u00f3n profesional a trav\u00e9s de seminarios de formaci\u00f3n de formadores e integrando los nuevos programas formativos en los centros de formaci\u00f3n profesional.\t\t\t\t\t<\/p>\n\t\t\t\t\n\t\t\t<\/div>\n\t\t\t\n\t\t<\/div>\n\t\t\t\t\t\t<\/div>\n\t\t\t\t<div class=\"elementor-element elementor-element-4fbf7e8 elementor-widget__width-initial elementor-view-default elementor-position-top elementor-mobile-position-top elementor-widget elementor-widget-icon-box\" data-id=\"4fbf7e8\" data-element_type=\"widget\" data-widget_type=\"icon-box.default\">\n\t\t\t\t\t\t\t<div class=\"elementor-icon-box-wrapper\">\n\n\t\t\t\t\t\t<div class=\"elementor-icon-box-icon\">\n\t\t\t\t<span  class=\"elementor-icon\">\n\t\t\t\t<svg aria-hidden=\"true\" class=\"e-font-icon-svg e-fas-tools\" viewBox=\"0 0 512 512\" xmlns=\"http:\/\/www.w3.org\/2000\/svg\"><path d=\"M501.1 395.7L384 278.6c-23.1-23.1-57.6-27.6-85.4-13.9L192 158.1V96L64 0 0 64l96 128h62.1l106.6 106.6c-13.6 27.8-9.2 62.3 13.9 85.4l117.1 117.1c14.6 14.6 38.2 14.6 52.7 0l52.7-52.7c14.5-14.6 14.5-38.2 0-52.7zM331.7 225c28.3 0 54.9 11 74.9 31l19.4 19.4c15.8-6.9 30.8-16.5 43.8-29.5 37.1-37.1 49.7-89.3 37.9-136.7-2.2-9-13.5-12.1-20.1-5.5l-74.4 74.4-67.9-11.3L334 98.9l74.4-74.4c6.6-6.6 3.4-17.9-5.7-20.2-47.4-11.7-99.6.9-136.6 37.9-28.5 28.5-41.9 66.1-41.2 103.6l82.1 82.1c8.1-1.9 16.5-2.9 24.7-2.9zm-103.9 82l-56.7-56.7L18.7 402.8c-25 25-25 65.5 0 90.5s65.5 25 90.5 0l123.6-123.6c-7.6-19.9-9.9-41.6-5-62.7zM64 472c-13.2 0-24-10.8-24-24 0-13.3 10.7-24 24-24s24 10.7 24 24c0 13.2-10.7 24-24 24z\"><\/path><\/svg>\t\t\t\t<\/span>\n\t\t\t<\/div>\n\t\t\t\n\t\t\t\t\t\t<div class=\"elementor-icon-box-content\">\n\n\t\t\t\t\t\t\t\t\t<h3 class=\"elementor-icon-box-title\">\n\t\t\t\t\t\t<span  >\n\t\t\t\t\t\t\tApoyar a las PYMES y a las mujeres emprendedoras con herramientas digitales y moda sostenible\t\t\t\t\t\t<\/span>\n\t\t\t\t\t<\/h3>\n\t\t\t\t\n\t\t\t\t\t\t\t\t\t<p class=\"elementor-icon-box-description\">\n\t\t\t\t\t\tOfrecer un apoyo espec\u00edfico a las PYMES, en particular a aquellas dirigidas por mujeres, a trav\u00e9s de un programa de desarrollo de capacidades y tutor\u00eda que incluya gu\u00edas de dise\u00f1o ecol\u00f3gico basadas en la inteligencia artificial y modelos para la econom\u00eda circular, en beneficio de las PYMES y las mujeres emprendedoras.\t\t\t\t\t<\/p>\n\t\t\t\t\n\t\t\t<\/div>\n\t\t\t\n\t\t<\/div>\n\t\t\t\t\t\t<\/div>\n\t\t\t\t<\/div>\n\t\t<div class=\"elementor-element elementor-element-5acfb19 e-con-full e-flex e-con e-child\" data-id=\"5acfb19\" data-element_type=\"container\">\n\t\t\t\t<div class=\"elementor-element elementor-element-c86e6e3 elementor-widget__width-initial elementor-view-default elementor-position-top elementor-mobile-position-top elementor-widget elementor-widget-icon-box\" data-id=\"c86e6e3\" data-element_type=\"widget\" data-widget_type=\"icon-box.default\">\n\t\t\t\t\t\t\t<div class=\"elementor-icon-box-wrapper\">\n\n\t\t\t\t\t\t<div class=\"elementor-icon-box-icon\">\n\t\t\t\t<span  class=\"elementor-icon\">\n\t\t\t\t<svg aria-hidden=\"true\" class=\"e-font-icon-svg e-fas-business-time\" viewBox=\"0 0 640 512\" xmlns=\"http:\/\/www.w3.org\/2000\/svg\"><path d=\"M496 224c-79.59 0-144 64.41-144 144s64.41 144 144 144 144-64.41 144-144-64.41-144-144-144zm64 150.29c0 5.34-4.37 9.71-9.71 9.71h-60.57c-5.34 0-9.71-4.37-9.71-9.71v-76.57c0-5.34 4.37-9.71 9.71-9.71h12.57c5.34 0 9.71 4.37 9.71 9.71V352h38.29c5.34 0 9.71 4.37 9.71 9.71v12.58zM496 192c5.4 0 10.72.33 16 .81V144c0-25.6-22.4-48-48-48h-80V48c0-25.6-22.4-48-48-48H176c-25.6 0-48 22.4-48 48v48H48c-25.6 0-48 22.4-48 48v80h395.12c28.6-20.09 63.35-32 100.88-32zM320 96H192V64h128v32zm6.82 224H208c-8.84 0-16-7.16-16-16v-48H0v144c0 25.6 22.4 48 48 48h291.43C327.1 423.96 320 396.82 320 368c0-16.66 2.48-32.72 6.82-48z\"><\/path><\/svg>\t\t\t\t<\/span>\n\t\t\t<\/div>\n\t\t\t\n\t\t\t\t\t\t<div class=\"elementor-icon-box-content\">\n\n\t\t\t\t\t\t\t\t\t<h3 class=\"elementor-icon-box-title\">\n\t\t\t\t\t\t<span  >\n\t\t\t\t\t\t\tCerrar la brecha entre la formaci\u00f3n profesional y el sector empresarial mediante la colaboraci\u00f3n\t\t\t\t\t\t<\/span>\n\t\t\t\t\t<\/h3>\n\t\t\t\t\n\t\t\t\t\t\t\t\t\t<p class=\"elementor-icon-box-description\">\n\t\t\t\t\t\tCrear una plataforma digital que conecte la formaci\u00f3n profesional con las pymes, con el Eco-Fashion Simulator (un caso real), un chatbot, una comunidad de pr\u00e1cticas y recursos educativos abiertos interactivos (REA) sobre dise\u00f1o sin residuos, involucrando a centros de formaci\u00f3n profesional, propietarios de PYMES, mujeres emprendedoras y formadores.\t\t\t\t\t<\/p>\n\t\t\t\t\n\t\t\t<\/div>\n\t\t\t\n\t\t<\/div>\n\t\t\t\t\t\t<\/div>\n\t\t\t\t<div class=\"elementor-element elementor-element-8f64023 elementor-widget__width-initial elementor-view-default elementor-position-top elementor-mobile-position-top elementor-widget elementor-widget-icon-box\" data-id=\"8f64023\" data-element_type=\"widget\" data-widget_type=\"icon-box.default\">\n\t\t\t\t\t\t\t<div class=\"elementor-icon-box-wrapper\">\n\n\t\t\t\t\t\t<div class=\"elementor-icon-box-icon\">\n\t\t\t\t<span  class=\"elementor-icon\">\n\t\t\t\t<svg aria-hidden=\"true\" class=\"e-font-icon-svg e-fas-network-wired\" viewBox=\"0 0 640 512\" xmlns=\"http:\/\/www.w3.org\/2000\/svg\"><path d=\"M640 264v-16c0-8.84-7.16-16-16-16H344v-40h72c17.67 0 32-14.33 32-32V32c0-17.67-14.33-32-32-32H224c-17.67 0-32 14.33-32 32v128c0 17.67 14.33 32 32 32h72v40H16c-8.84 0-16 7.16-16 16v16c0 8.84 7.16 16 16 16h104v40H64c-17.67 0-32 14.33-32 32v128c0 17.67 14.33 32 32 32h160c17.67 0 32-14.33 32-32V352c0-17.67-14.33-32-32-32h-56v-40h304v40h-56c-17.67 0-32 14.33-32 32v128c0 17.67 14.33 32 32 32h160c17.67 0 32-14.33 32-32V352c0-17.67-14.33-32-32-32h-56v-40h104c8.84 0 16-7.16 16-16zM256 128V64h128v64H256zm-64 320H96v-64h96v64zm352 0h-96v-64h96v64z\"><\/path><\/svg>\t\t\t\t<\/span>\n\t\t\t<\/div>\n\t\t\t\n\t\t\t\t\t\t<div class=\"elementor-icon-box-content\">\n\n\t\t\t\t\t\t\t\t\t<h3 class=\"elementor-icon-box-title\">\n\t\t\t\t\t\t<span  >\n\t\t\t\t\t\t\tSensibilizar y reforzar el aprendizaje basado en el trabajo en el \u00e1mbito de la moda sostenible y la inteligencia artificial\t\t\t\t\t\t<\/span>\n\t\t\t\t\t<\/h3>\n\t\t\t\t\n\t\t\t\t\t\t\t\t\t<p class=\"elementor-icon-box-description\">\n\t\t\t\t\t\tDifundir los resultados del proyecto y elaborar un documento de pol\u00edticas para vincular la teor\u00eda con la pr\u00e1ctica, mejorando las oportunidades de aprendizaje basado en el trabajo y llegando a m\u00e1s de 3 000 personas a trav\u00e9s de actividades presenciales y, de forma indirecta, mediante las redes sociales y campa\u00f1as de comunicaci\u00f3n.\t\t\t\t\t<\/p>\n\t\t\t\t\n\t\t\t<\/div>\n\t\t\t\n\t\t<\/div>\n\t\t\t\t\t\t<\/div>\n\t\t\t\t<\/div>\n\t\t\t\t<\/div>\n\t\t\t\t<\/div>\n\t\t\t\t\t<\/div>\n\t\t\t\t<\/div>\n\t\t<div class=\"elementor-element elementor-element-ff9b4a5 e-flex e-con-boxed e-con e-parent\" data-id=\"ff9b4a5\" data-element_type=\"container\" data-settings=\"{&quot;background_background&quot;:&quot;classic&quot;}\">\n\t\t\t\t\t<div class=\"e-con-inner\">\n\t\t<a class=\"elementor-element elementor-element-bf01b23 e-con-full e-flex e-con e-child\" data-id=\"bf01b23\" data-element_type=\"container\" href=\"#\">\n\t\t\t\t<div class=\"elementor-element elementor-element-371c5f5 elementor-widget elementor-widget-heading\" data-id=\"371c5f5\" data-element_type=\"widget\" data-widget_type=\"heading.default\">\n\t\t\t\t\t<p class=\"elementor-heading-title elementor-size-default\">Destinatarios:\n<\/p>\t\t\t\t<\/div>\n\t\t\t\t<\/a>\n\t\t<div class=\"elementor-element elementor-element-d58f8a3 e-con-full e-flex e-con e-child\" data-id=\"d58f8a3\" data-element_type=\"container\">\n\t\t<div class=\"elementor-element elementor-element-5f4fa09 e-con-full e-flex e-con e-child\" data-id=\"5f4fa09\" data-element_type=\"container\" data-settings=\"{&quot;background_background&quot;:&quot;classic&quot;}\">\n\t\t\t\t<div class=\"elementor-element elementor-element-0eec611 elementor-widget elementor-widget-text-editor\" data-id=\"0eec611\" data-element_type=\"widget\" data-widget_type=\"text-editor.default\">\n\t\t\t\t\t\t\t\t\t<table width=\"215\"><tbody><tr><td width=\"215\">Centros y formadores de formaci\u00f3n profesional<\/td><\/tr><tr><td width=\"215\">PYMES y mujeres empresarias<\/td><\/tr><tr><td width=\"215\">Partes interesadas del sector privado<\/td><\/tr><tr><td width=\"215\">Responsables pol\u00edticos y expertos<\/td><\/tr><tr><td width=\"215\">Comunidades locales y grupos ecologistas<\/td><\/tr><tr><td width=\"215\">Autoridades locales y nacionales<\/td><\/tr><\/tbody><\/table>\t\t\t\t\t\t\t\t<\/div>\n\t\t\t\t<\/div>\n\t\t<div class=\"elementor-element elementor-element-33b2dd2 e-con-full e-flex e-con e-child\" data-id=\"33b2dd2\" data-element_type=\"container\" data-settings=\"{&quot;background_background&quot;:&quot;classic&quot;}\">\n\t\t\t\t<\/div>\n\t\t\t\t<div class=\"elementor-element elementor-element-645d39a elementor-absolute elementor-widget elementor-widget-image\" data-id=\"645d39a\" data-element_type=\"widget\" data-settings=\"{&quot;_position&quot;:&quot;absolute&quot;}\" data-widget_type=\"image.default\">\n\t\t\t\t\t\t\t\t\t\t\t\t\t\t\t<img decoding=\"async\" src=\"https:\/\/designsmartproject.eu\/wp-content\/uploads\/2025\/03\/fisher2-decor4.svg\" title=\"\" alt=\"\" loading=\"lazy\" \/>\t\t\t\t\t\t\t\t\t\t\t\t\t\t\t<\/div>\n\t\t\t\t<div class=\"elementor-element elementor-element-a64eb3a elementor-absolute elementor-widget elementor-widget-image\" data-id=\"a64eb3a\" data-element_type=\"widget\" data-settings=\"{&quot;_position&quot;:&quot;absolute&quot;}\" data-widget_type=\"image.default\">\n\t\t\t\t\t\t\t\t\t\t\t\t\t\t\t<img decoding=\"async\" src=\"https:\/\/designsmartproject.eu\/wp-content\/uploads\/2025\/03\/fisher2-decor4.svg\" title=\"\" alt=\"\" loading=\"lazy\" \/>\t\t\t\t\t\t\t\t\t\t\t\t\t\t\t<\/div>\n\t\t\t\t<\/div>\n\t\t\t\t\t<\/div>\n\t\t\t\t<\/div>\n\t\t\t\t<\/div>\n\t\t","protected":false},"excerpt":{"rendered":"<p>\u00a1Bienvenidos a Design Smart! El proyecto Design Smart tiene como objetivo fortalecer los centros de educaci\u00f3n y formaci\u00f3n profesional (EFP) mediante una formaci\u00f3n avanzada en moda<span class=\"excerpt-hellip\"> [\u2026]<\/span><\/p>\n","protected":false},"author":1,"featured_media":0,"parent":0,"menu_order":0,"comment_status":"open","ping_status":"closed","template":"","meta":{"footnotes":""},"class_list":["post-450","page","type-page","status-publish","hentry"],"_links":{"self":[{"href":"https:\/\/designsmartproject.eu\/es\/wp-json\/wp\/v2\/pages\/450","targetHints":{"allow":["GET"]}}],"collection":[{"href":"https:\/\/designsmartproject.eu\/es\/wp-json\/wp\/v2\/pages"}],"about":[{"href":"https:\/\/designsmartproject.eu\/es\/wp-json\/wp\/v2\/types\/page"}],"author":[{"embeddable":true,"href":"https:\/\/designsmartproject.eu\/es\/wp-json\/wp\/v2\/users\/1"}],"replies":[{"embeddable":true,"href":"https:\/\/designsmartproject.eu\/es\/wp-json\/wp\/v2\/comments?post=450"}],"version-history":[{"count":3,"href":"https:\/\/designsmartproject.eu\/es\/wp-json\/wp\/v2\/pages\/450\/revisions"}],"predecessor-version":[{"id":474,"href":"https:\/\/designsmartproject.eu\/es\/wp-json\/wp\/v2\/pages\/450\/revisions\/474"}],"wp:attachment":[{"href":"https:\/\/designsmartproject.eu\/es\/wp-json\/wp\/v2\/media?parent=450"}],"curies":[{"name":"wp","href":"https:\/\/api.w.org\/{rel}","templated":true}]}}